{"id":782,"date":"2024-12-04T20:21:45","date_gmt":"2024-12-04T19:21:45","guid":{"rendered":"https:\/\/schlossparklauf.org\/?page_id=782"},"modified":"2025-04-19T20:52:13","modified_gmt":"2025-04-19T18:52:13","slug":"ausschreibung-2025","status":"publish","type":"page","link":"https:\/\/schlossparklauf.org\/?page_id=782","title":{"rendered":"Ausschreibung 2025"},"content":{"rendered":"\n<p><\/p>\n\n\n\n<figure class=\"wp-block-table\"><table><tbody><tr><td class=\"has-text-align-left\" data-align=\"left\"><strong>Veranstaltung:<\/strong><\/td><td>48. Moerser enni.Schlossparklauf<\/td><\/tr><tr><td class=\"has-text-align-left\" data-align=\"left\"><strong>Veranstalter:<\/strong><\/td><td>Moerser Turnverein von 1850 e.V.<\/td><\/tr><tr><td class=\"has-text-align-left\" data-align=\"left\"><strong>Schirmherr:<\/strong><\/td><td>B\u00fcrgermeister Christoph Fleischhauer <\/td><\/tr><tr><td class=\"has-text-align-left\" data-align=\"left\"><strong>Datum:<\/strong><\/td><td><strong>Samstag, 26.04.2025<\/strong><\/td><\/tr><tr><td class=\"has-text-align-left\" data-align=\"left\"><strong>Start und Ziel:<\/strong><\/td><td><strong>Start und Ziel befinden sich auf der Sportanlage Filder Benden<br>des Moerser TV<\/strong> <strong>am Solimare, Filder Strasse 148, 47447 Moers<\/strong> <\/td><\/tr><tr><td class=\"has-text-align-left\" data-align=\"left\"><strong>Laufstrecke<\/strong>:<\/td><td>5 km-Rundkurs durch den Freizeit- und Schlosspark<\/td><\/tr><tr><td class=\"has-text-align-left\" data-align=\"left\"><strong>Vermessung:<\/strong><\/td><td>Die Strecke ist amtlich vermessen!<\/td><\/tr><tr><td class=\"has-text-align-left\" data-align=\"left\"><strong>Zeitplan:<\/strong><\/td><td><a href=\"https:\/\/schlossparklauf.org\/?page_id=786\">Hier kann man den Zeitplan 2025 einsehen<\/a><\/td><\/tr><tr><td class=\"has-text-align-left\" data-align=\"left\"><strong>Meldungen:<\/strong><\/td><td>Die Anmeldung erfolgt ab Januar<\/td><\/tr><tr><td class=\"has-text-align-left\" data-align=\"left\"><strong>Anfragen:<\/strong><\/td><td>E-mail: meldung@schlossparklauf.org<\/td><\/tr><tr><td class=\"has-text-align-left\" data-align=\"left\"><strong>Meldeschluss<\/strong>:<\/td><td><strong>Dienstag, 22.04.2025<\/strong><br>Nachmeldungen sind noch gegen erh\u00f6htes Entgelt m\u00f6glich<\/td><\/tr><tr><td class=\"has-text-align-left\" data-align=\"left\"><strong>Schlossparklauf T-Shirts:<\/strong><\/td><td>F\u00fcr Anmeldungen bis <strong>Samstag, 05.04.25<\/strong> gibt es wieder das beliebte Schlossparklauf-Shirt zum Preis von 12,- \u20ac<br>Abholung: am Veranstaltungstag <strong>bis 16:30 Uhr<\/strong><\/td><\/tr><tr><td class=\"has-text-align-left\" data-align=\"left\"><strong>Startgeld:<\/strong><\/td><td>0,9 km    5,00 \u20ac<br>5 km        12,00 \u20ac<br>10 km   12,00 \u20ac<br>Walking 12,00 \u20ac<br>zuz\u00fcglich 2,- \u20ac Pfand auf Startnummer<br>Bambinis starten kostenlos<\/td><\/tr><tr><td class=\"has-text-align-left\" data-align=\"left\"><strong>Auszeichnung:<\/strong><\/td><td>Urkunde f\u00fcr alle Teilnehmer im Internet<br>Medaillen f\u00fcr alle Bambinis und Sch\u00fcler<\/td><\/tr><tr><td class=\"has-text-align-left\" data-align=\"left\"><strong>Nachmeldungen:<\/strong>&nbsp;&nbsp;&nbsp;&nbsp;<\/td><td>Auch am Veranstaltungstag sind Nachmeldungen m\u00f6glich, solange sie den Veranstaltungsablauf nicht st\u00f6ren<br>0,9 km: 8,- \u20ac (zzgl. 2,-\u20ac Pfand)<br>5+10km: 15,- \u20ac (zzgl. 2,-\u20ac  Pfand)<\/td><\/tr><tr><td class=\"has-text-align-left\" data-align=\"left\"><strong>Startnummern-ausgabe:<\/strong><\/td><td>Freitag 17.00 &#8211; 19.00 Uhr <br>Samstag, ab 12.00 Uhr<\/td><\/tr><tr><td class=\"has-text-align-left\" data-align=\"left\"><strong>Sprecher:<\/strong><\/td><td>Laurenz Thissen, die Stimme des Niederrheins<\/td><\/tr><tr><td class=\"has-text-align-left\" data-align=\"left\"><strong>Fotos:<\/strong><\/td><td>Alle L\u00e4ufer:innen werden von <a rel=\"noreferrer noopener\" href=\"https:\/\/www.photobello.de\/\" target=\"_blank\">Photobello<\/a> fotografiert<\/td><\/tr><tr><td class=\"has-text-align-left\" data-align=\"left\"><strong>Siegerehrung:<\/strong>&nbsp;&nbsp;&nbsp;&nbsp;<\/td><td>Erfolgt f\u00fcr Platz 1 &#8211; 3 eines jeden Laufes<br>Urkunden k\u00f6nnen im Internet geladen werden<br>F\u00fcr folgende Klassen gibt es Siegerehrungen: <br>0,9 km: U10, U12, U14<br>5km: Laufsieger, U16, U18, U20<br>10km: Laufsieger<\/td><\/tr><tr><td class=\"has-text-align-left\" data-align=\"left\"><strong>Firmenwertung<\/strong>:<\/td><td>F\u00fcr die Firmenwertung werden die Zeiten der schnellsten 5 L\u00e4ufer:innen im 5km-Lauf addiert.<br>Die Sieger erhalten den gro\u00dfen Bethanien-Pokal, gestiftet von Dr. Chylarecki<\/td><\/tr><tr><td class=\"has-text-align-left\" data-align=\"left\"><strong>Teamwertung:<\/strong><\/td><td>Extrapreis f\u00fcr die beste Mannschaft beim enni.Schlossparklauf . Gewertet werden die 4 schnellsten L\u00e4ufer:innen in der Zeitaddition. <\/td><\/tr><tr><td class=\"has-text-align-left\" data-align=\"left\"><strong>Verpflegung:<\/strong><\/td><td>Es gibt wieder Kaffee, Kuchen und Gegrilltes<br>F\u00fcr alle L\u00e4ufer gibt es im Zielbereich kostenlose Getr\u00e4nke<\/td><\/tr><tr><td class=\"has-text-align-left\" data-align=\"left\"><strong>Besucher:<\/strong><\/td><td>Besucher sind uneingeschr\u00e4nkt m\u00f6glich<\/td><\/tr><tr><td class=\"has-text-align-left\" data-align=\"left\"><strong>Anreise:<\/strong><\/td><td>Bundesautobahn A 57 und A 40 bis Kreuz Moers, Richtung Moers.<br>Nach ca. 800 m an der 2. Ampel rechts Richtung Duisburg.<br>An der n\u00e4chsten Ampel wieder rechts auf die Filder Stra\u00dfe Richtung Kapellen abbiegen.<br>Danach sofort rechts zum Solimare abbiegen.<br>An der Anlage sind Parkpl\u00e4tze vorhanden!<\/td><\/tr><tr><td class=\"has-text-align-left\" data-align=\"left\"><strong>Startbedingungen:<\/strong><\/td><td>F\u00fcr alle L\u00e4ufe werden Startnummern ausgegeben, die nicht \u00fcbertragbar sind.<br>Sie sind in vollst\u00e4ndiger Gr\u00f6\u00dfe gut sichtbar auf der Brustseite zu tragen, da sonst keine Wertung erfolgen kann. Die Veranstaltung findet bei jedem Wetter statt. Allerdings beh\u00e4lt sich der Veranstalter eine Absage vor, wenn die Sicherheit der L\u00e4ufer nicht gew\u00e4hrleistet ist. Eine R\u00fcckerstattung der Startgeb\u00fchren erfolgt dabei nicht. Der Veranstalter beh\u00e4lt sich \u00c4nderungen des Zeitplanes vor. Die Veranstaltung erfolgt nach IWB \/ LAO. Der Veranstalter \u00fcbernimmt keinerlei Haftung f\u00fcr Unf\u00e4lle, Diebst\u00e4hle und sonstige Schadensf\u00e4lle.&nbsp; Die Benutzung eines MP3-Players o.\u00e4. und die Begleitung durch Hunde ist aus Sicherheitsgr\u00fcnden zu unterlassen. Der \/ Die Teilnehmer\/in erkl\u00e4rt sich durch die Anmeldung mit der elektronischen Erfassung seiner Daten durch die Fa. Teamsoft und mit den Startbedingungen einverstanden.<\/td><\/tr><\/tbody><\/table><\/figure>\n\n\n\n<p><\/p>\n","protected":false},"excerpt":{"rendered":"<p>Veranstaltung: 48. Moerser enni.Schlossparklauf Veranstalter: Moerser Turnverein von 1850 e.V. Schirmherr: B\u00fcrgermeister Christoph Fleischhauer Datum: Samstag, 26.04.2025 Start und Ziel: Start und Ziel befinden sich auf der Sportanlage Filder Bendendes Moerser TV am Solimare, Filder Strasse 148, 47447 Moers Laufstrecke: 5 km-Rundkurs durch den Freizeit- und Schlosspark Vermessung: Die Strecke ist amtlich vermessen! Zeitplan: Hier [&hellip;]<\/p>\n","protected":false},"author":1,"featured_media":0,"parent":0,"menu_order":0,"comment_status":"closed","ping_status":"closed","template":"","meta":{"footnotes":""},"class_list":["post-782","page","type-page","status-publish","hentry","post-preview"],"_links":{"self":[{"href":"https:\/\/schlossparklauf.org\/index.php?rest_route=\/wp\/v2\/pages\/782","targetHints":{"allow":["GET"]}}],"collection":[{"href":"https:\/\/schlossparklauf.org\/index.php?rest_route=\/wp\/v2\/pages"}],"about":[{"href":"https:\/\/schlossparklauf.org\/index.php?rest_route=\/wp\/v2\/types\/page"}],"author":[{"embeddable":true,"href":"https:\/\/schlossparklauf.org\/index.php?rest_route=\/wp\/v2\/users\/1"}],"replies":[{"embeddable":true,"href":"https:\/\/schlossparklauf.org\/index.php?rest_route=%2Fwp%2Fv2%2Fcomments&post=782"}],"version-history":[{"count":5,"href":"https:\/\/schlossparklauf.org\/index.php?rest_route=\/wp\/v2\/pages\/782\/revisions"}],"predecessor-version":[{"id":857,"href":"https:\/\/schlossparklauf.org\/index.php?rest_route=\/wp\/v2\/pages\/782\/revisions\/857"}],"wp:attachment":[{"href":"https:\/\/schlossparklauf.org\/index.php?rest_route=%2Fwp%2Fv2%2Fmedia&parent=782"}],"curies":[{"name":"wp","href":"https:\/\/api.w.org\/{rel}","templated":true}]}}