{"id":21,"date":"2020-01-14T21:51:27","date_gmt":"2020-01-14T20:51:27","guid":{"rendered":"http:\/\/schlossparklauf.org\/?page_id=21"},"modified":"2026-04-05T20:22:57","modified_gmt":"2026-04-05T18:22:57","slug":"anmeldung","status":"publish","type":"page","link":"https:\/\/schlossparklauf.org\/?page_id=21","title":{"rendered":"Anmeldung"},"content":{"rendered":"\n<p>Die Anmeldung f\u00fcr den Moerser Schlossparklauf :<\/p>\n\n\n\n<div class=\"wp-block-buttons is-layout-flex wp-block-buttons-is-layout-flex\">\n<div class=\"wp-block-button\"><a class=\"wp-block-button__link has-dark-gray-color has-accent-background-color has-text-color has-background has-link-color wp-element-button\" href=\"https:\/\/my.raceresult.com\/380438\/registration\" target=\"_blank\" rel=\"noreferrer noopener\">Anmeldung Schlossparklauf<\/a><\/div>\n<\/div>\n\n\n\n<p>F\u00fcr Bambinis ist keine Voranmeldung n\u00f6tig.<\/p>\n\n\n\n<p><\/p>\n\n\n\n<p>Die Anmeldung f\u00fcr die enni.Laufserie:<\/p>\n\n\n\n<div class=\"wp-block-buttons is-layout-flex wp-block-buttons-is-layout-flex\">\n<div class=\"wp-block-button is-style-fill\"><a class=\"wp-block-button__link wp-element-button\" href=\"https:\/\/www.enni.de\/freizeit\/top-events-der-enni\/enni-laufserie\/\">Anmeldung enni.Laufserie<\/a><\/div>\n<\/div>\n\n\n\n<p><\/p>\n\n\n\n<p><br>Alle Teilnehmer der Laufserie und Helfer  k\u00f6nnen sich hier noch das Schlossparklauf-Shirt sichern<\/p>\n\n\n\n<div class=\"wp-block-buttons is-layout-flex wp-block-buttons-is-layout-flex\">\n<div class=\"wp-block-button is-style-fill\"><a class=\"wp-block-button__link has-light-gray-background-color has-background wp-element-button\" href=\"https:\/\/my.raceresult.com\/380438\/registration?regname=Nur%20Shirt-Bestellung\" target=\"_blank\" rel=\"noreferrer noopener\">Shirt-Bestellung<\/a><\/div>\n<\/div>\n\n\n\n<p><\/p>\n","protected":false},"excerpt":{"rendered":"<p>Die Anmeldung f\u00fcr den Moerser Schlossparklauf : F\u00fcr Bambinis ist keine Voranmeldung n\u00f6tig. Die Anmeldung f\u00fcr die enni.Laufserie: Alle Teilnehmer der Laufserie und Helfer k\u00f6nnen sich hier noch das Schlossparklauf-Shirt sichern<\/p>\n","protected":false},"author":1,"featured_media":0,"parent":0,"menu_order":0,"comment_status":"closed","ping_status":"closed","template":"","meta":{"footnotes":""},"class_list":["post-21","page","type-page","status-publish","hentry","post-preview"],"_links":{"self":[{"href":"https:\/\/schlossparklauf.org\/index.php?rest_route=\/wp\/v2\/pages\/21","targetHints":{"allow":["GET"]}}],"collection":[{"href":"https:\/\/schlossparklauf.org\/index.php?rest_route=\/wp\/v2\/pages"}],"about":[{"href":"https:\/\/schlossparklauf.org\/index.php?rest_route=\/wp\/v2\/types\/page"}],"author":[{"embeddable":true,"href":"https:\/\/schlossparklauf.org\/index.php?rest_route=\/wp\/v2\/users\/1"}],"replies":[{"embeddable":true,"href":"https:\/\/schlossparklauf.org\/index.php?rest_route=%2Fwp%2Fv2%2Fcomments&post=21"}],"version-history":[{"count":38,"href":"https:\/\/schlossparklauf.org\/index.php?rest_route=\/wp\/v2\/pages\/21\/revisions"}],"predecessor-version":[{"id":932,"href":"https:\/\/schlossparklauf.org\/index.php?rest_route=\/wp\/v2\/pages\/21\/revisions\/932"}],"wp:attachment":[{"href":"https:\/\/schlossparklauf.org\/index.php?rest_route=%2Fwp%2Fv2%2Fmedia&parent=21"}],"curies":[{"name":"wp","href":"https:\/\/api.w.org\/{rel}","templated":true}]}}