{"id":786,"date":"2024-12-04T20:21:16","date_gmt":"2024-12-04T19:21:16","guid":{"rendered":"https:\/\/schlossparklauf.org\/?page_id=786"},"modified":"2026-03-25T19:14:17","modified_gmt":"2026-03-25T18:14:17","slug":"zeitplan-2025","status":"publish","type":"page","link":"http:\/\/schlossparklauf.org\/?page_id=786","title":{"rendered":"Zeitplan 2025"},"content":{"rendered":"\n<p><\/p>\n\n\n\n<figure class=\"wp-block-table is-style-regular\"><table><tbody><tr><td><span style=\"color:#888\" class=\"tadv-color\">12.00<\/span><\/td><td><\/td><td><span style=\"color:#888\" class=\"tadv-color\">Beginn Startnummernausgabe<\/span><\/td><\/tr><tr><td>13.30<\/td><td>400m<\/td><td>Bambinilauf M\u00e4dchen (Jahrgang 2018 und j\u00fcnger)<\/td><\/tr><tr><td>13.40<\/td><td>400m<\/td><td>Bambinilauf Jungen (Jahrgang 2018 und j\u00fcnger)<\/td><\/tr><tr><td>13.50<\/td><td>5 km<\/td><td>Walking<\/td><\/tr><tr><td>14.00<\/td><td>0,9 km<\/td><td>Zwergenlauf U10<br>( Jahrgang 2016 \/ 2017)<\/td><\/tr><tr><td>14.10<\/td><td>0,9 km<\/td><td>Kids-Run U12 und U14<br>( Jahrgang 2012 &#8211; 2015)<\/td><\/tr><tr><td><span class=\"tadv-color\" style=\"color:#888\">14.<\/span>20<\/td><td><\/td><td><span style=\"color:#888\" class=\"tadv-color\">Siegerehrung 0,9 km Lauf<\/span><\/td><\/tr><tr><td>15.15<\/td><td>5 km <\/td><td>Volks- und Firmenlauf<br>der Sparkasse am Niederrhein<\/td><\/tr><tr><td>15.50<\/td><td><\/td><td><span class=\"tadv-color\" style=\"color:#888\">Siegerehrung 5km<\/span><\/td><\/tr><tr><td>16.15<\/td><td>10 km<\/td><td>enni.Schlossparklauf<\/td><\/tr><tr><td><\/td><td><\/td><td><span class=\"tadv-color\" style=\"color:#888\">Siegerehrung 5 km Jugendlauf  Firmenlauf<\/span> <\/td><\/tr><tr><td><\/td><td><\/td><td><span style=\"color:#888\" class=\"tadv-color\">Siegerehrung 10 km<\/span><\/td><\/tr><\/tbody><\/table><\/figure>\n\n\n\n<p><\/p>\n","protected":false},"excerpt":{"rendered":"<p>12.00 Beginn Startnummernausgabe 13.30 400m Bambinilauf M\u00e4dchen (Jahrgang 2018 und j\u00fcnger) 13.40 400m Bambinilauf Jungen (Jahrgang 2018 und j\u00fcnger) 13.50 5 km Walking 14.00 0,9 km Zwergenlauf U10( Jahrgang 2016 \/ 2017) 14.10 0,9 km Kids-Run U12 und U14( Jahrgang 2012 &#8211; 2015) 14.20 Siegerehrung 0,9 km Lauf 15.15 5 km Volks- und Firmenlaufder Sparkasse [&hellip;]<\/p>\n","protected":false},"author":1,"featured_media":0,"parent":0,"menu_order":0,"comment_status":"closed","ping_status":"closed","template":"","meta":{"footnotes":""},"class_list":["post-786","page","type-page","status-publish","hentry","post-preview"],"_links":{"self":[{"href":"http:\/\/schlossparklauf.org\/index.php?rest_route=\/wp\/v2\/pages\/786","targetHints":{"allow":["GET"]}}],"collection":[{"href":"http:\/\/schlossparklauf.org\/index.php?rest_route=\/wp\/v2\/pages"}],"about":[{"href":"http:\/\/schlossparklauf.org\/index.php?rest_route=\/wp\/v2\/types\/page"}],"author":[{"embeddable":true,"href":"http:\/\/schlossparklauf.org\/index.php?rest_route=\/wp\/v2\/users\/1"}],"replies":[{"embeddable":true,"href":"http:\/\/schlossparklauf.org\/index.php?rest_route=%2Fwp%2Fv2%2Fcomments&post=786"}],"version-history":[{"count":10,"href":"http:\/\/schlossparklauf.org\/index.php?rest_route=\/wp\/v2\/pages\/786\/revisions"}],"predecessor-version":[{"id":924,"href":"http:\/\/schlossparklauf.org\/index.php?rest_route=\/wp\/v2\/pages\/786\/revisions\/924"}],"wp:attachment":[{"href":"http:\/\/schlossparklauf.org\/index.php?rest_route=%2Fwp%2Fv2%2Fmedia&parent=786"}],"curies":[{"name":"wp","href":"https:\/\/api.w.org\/{rel}","templated":true}]}}