{"id":242,"date":"2021-08-21T14:23:12","date_gmt":"2021-08-21T12:23:12","guid":{"rendered":"http:\/\/schlossparklauf.org\/?page_id=242"},"modified":"2022-04-26T09:47:41","modified_gmt":"2022-04-26T07:47:41","slug":"unser-sponsor","status":"publish","type":"page","link":"http:\/\/schlossparklauf.org\/?page_id=242","title":{"rendered":"Unsere Sponsoren"},"content":{"rendered":"\n<p>Der Moerser TV dankt unseren Sponsoren, ohne deren Unterst\u00fctzung so eine Veranstaltung nicht m\u00f6glich w\u00e4re.<\/p>\n\n\n\n<figure class=\"wp-block-table\"><table><tbody><tr><td><img loading=\"lazy\" decoding=\"async\" width=\"150\" height=\"46\" class=\"wp-image-417\" style=\"width: 150px;\" src=\"http:\/\/schlossparklauf.org\/wp-content\/uploads\/2022\/01\/enni.png\" alt=\"\" srcset=\"http:\/\/schlossparklauf.org\/wp-content\/uploads\/2022\/01\/enni.png 406w, http:\/\/schlossparklauf.org\/wp-content\/uploads\/2022\/01\/enni-300x92.png 300w, http:\/\/schlossparklauf.org\/wp-content\/uploads\/2022\/01\/enni-100x30.png 100w\" sizes=\"auto, (max-width: 150px) 100vw, 150px\" \/><\/td><td><\/td><td>enni<\/td><\/tr><tr><td><img loading=\"lazy\" decoding=\"async\" width=\"141\" height=\"105\" class=\"wp-image-311\" style=\"width: 141px;\" src=\"http:\/\/schlossparklauf.org\/wp-content\/uploads\/2021\/09\/MKM_weiss.gif\" alt=\"\"><\/td><td><\/td><td>Moerser K\u00e4ltemanagement<\/td><\/tr><tr><td><a href=\"https:\/\/duisburg.bunert.de\/\" target=\"_blank\" rel=\"noreferrer noopener\"><img loading=\"lazy\" decoding=\"async\" width=\"150\" height=\"68\" class=\"wp-image-284\" style=\"width: 150px;\" src=\"http:\/\/schlossparklauf.org\/wp-content\/uploads\/2021\/08\/bunert-duisburg-moers.png\" alt=\"\" srcset=\"http:\/\/schlossparklauf.org\/wp-content\/uploads\/2021\/08\/bunert-duisburg-moers.png 231w, http:\/\/schlossparklauf.org\/wp-content\/uploads\/2021\/08\/bunert-duisburg-moers-100x45.png 100w\" sizes=\"auto, (max-width: 150px) 100vw, 150px\" \/><\/a><\/td><td><\/td><td>Bunert<br>Der Moerser Laufladen<\/td><\/tr><tr><td><img loading=\"lazy\" decoding=\"async\" width=\"150\" height=\"67\" class=\"wp-image-359\" style=\"width: 150px;\" src=\"http:\/\/schlossparklauf.org\/wp-content\/uploads\/2021\/09\/Bethanien-Stiftung.jpg\" alt=\"\" srcset=\"http:\/\/schlossparklauf.org\/wp-content\/uploads\/2021\/09\/Bethanien-Stiftung.jpg 1010w, http:\/\/schlossparklauf.org\/wp-content\/uploads\/2021\/09\/Bethanien-Stiftung-300x134.jpg 300w, http:\/\/schlossparklauf.org\/wp-content\/uploads\/2021\/09\/Bethanien-Stiftung-768x342.jpg 768w, http:\/\/schlossparklauf.org\/wp-content\/uploads\/2021\/09\/Bethanien-Stiftung-676x301.jpg 676w, http:\/\/schlossparklauf.org\/wp-content\/uploads\/2021\/09\/Bethanien-Stiftung-100x44.jpg 100w\" sizes=\"auto, (max-width: 150px) 100vw, 150px\" \/><\/td><td><\/td><td>Stiftung Bethanien Moers<\/td><\/tr><\/tbody><\/table><\/figure>\n\n\n\n<p><\/p>\n","protected":false},"excerpt":{"rendered":"<p>Der Moerser TV dankt unseren Sponsoren, ohne deren Unterst\u00fctzung so eine Veranstaltung nicht m\u00f6glich w\u00e4re. enni Moerser K\u00e4ltemanagement BunertDer Moerser Laufladen Stiftung Bethanien Moers<\/p>\n","protected":false},"author":1,"featured_media":0,"parent":0,"menu_order":0,"comment_status":"closed","ping_status":"closed","template":"","meta":{"footnotes":""},"class_list":["post-242","page","type-page","status-publish","hentry","post-preview"],"_links":{"self":[{"href":"http:\/\/schlossparklauf.org\/index.php?rest_route=\/wp\/v2\/pages\/242","targetHints":{"allow":["GET"]}}],"collection":[{"href":"http:\/\/schlossparklauf.org\/index.php?rest_route=\/wp\/v2\/pages"}],"about":[{"href":"http:\/\/schlossparklauf.org\/index.php?rest_route=\/wp\/v2\/types\/page"}],"author":[{"embeddable":true,"href":"http:\/\/schlossparklauf.org\/index.php?rest_route=\/wp\/v2\/users\/1"}],"replies":[{"embeddable":true,"href":"http:\/\/schlossparklauf.org\/index.php?rest_route=%2Fwp%2Fv2%2Fcomments&post=242"}],"version-history":[{"count":10,"href":"http:\/\/schlossparklauf.org\/index.php?rest_route=\/wp\/v2\/pages\/242\/revisions"}],"predecessor-version":[{"id":508,"href":"http:\/\/schlossparklauf.org\/index.php?rest_route=\/wp\/v2\/pages\/242\/revisions\/508"}],"wp:attachment":[{"href":"http:\/\/schlossparklauf.org\/index.php?rest_route=%2Fwp%2Fv2%2Fmedia&parent=242"}],"curies":[{"name":"wp","href":"https:\/\/api.w.org\/{rel}","templated":true}]}}